{"id":3408,"date":"2024-09-23T09:17:11","date_gmt":"2024-09-23T07:17:11","guid":{"rendered":"https:\/\/www.elooffice.com\/blog\/support\/mediathek-copy"},"modified":"2024-09-23T09:17:11","modified_gmt":"2024-09-23T07:17:11","slug":"supportanfragen","status":"publish","type":"page","link":"https:\/\/www.elooffice.com\/blog\/support\/supportanfragen","title":{"rendered":"Supportanfragen"},"content":{"rendered":"\n<p><a href=\"#english\">See English version below.<\/a><\/p>\n\n\n\n<p class=\"has-background\" style=\"background-color:#f6f6f6\">Der Verkauf von ELOoffice wurde eingestellt. Unabh\u00e4ngig davon finden Sie hier selbstverst\u00e4ndlich Online-Support f\u00fcr ELOoffice bis zum 31.12.2026.<\/p>\n\n\n\n<p>Sobald Sie Ihre ELOoffice-Vollversion registriert haben, erhalten Sie von uns ein Guthaben \u00fcber zwei kostenlose Support-Anfragen innerhalb des Supportzeitraums. Durch die Nutzung unseres Support-Formulars vermeiden Sie R\u00fcckfragen und erhalten schneller Ihre Antwort. Bitte beachten Sie, dass der Supportzeitraum am 31.12.2026 endet.<\/p>\n\n\n\n<div class=\"wp-block-buttons is-content-justification-center is-layout-flex wp-container-core-buttons-is-layout-16018d1d wp-block-buttons-is-layout-flex\">\n<div class=\"wp-block-button has-custom-font-size\" style=\"font-size:16px\"><a class=\"wp-block-button__link has-background wp-element-button\" href=\"https:\/\/www.elooffice.com\/de-de\/support\/support-formular.html\" style=\"border-radius:8px;background-color:#3677b6\" target=\"_blank\" rel=\"noreferrer noopener\">Support-Formular<\/a><\/div>\n<\/div>\n\n\n\n<div style=\"height:100px\" aria-hidden=\"true\" class=\"wp-block-spacer\"><\/div>\n\n\n\n<hr class=\"wp-block-separator has-alpha-channel-opacity is-style-wide\" id=\"english\"\/>\n\n\n\n<div style=\"height:70px\" aria-hidden=\"true\" class=\"wp-block-spacer\"><\/div>\n\n\n\n<h2 class=\"wp-block-heading\"><strong>Support Request<\/strong><\/h2>\n\n\n\n<p class=\"has-background\" style=\"background-color:#f6f6f6\">The sale of ELOoffice has been discontinued. Irrespective of this, you will of course find online support for ELOoffice here until 31.12.2026.<\/p>\n\n\n\n<p>As soon as you have registered your full version of ELOoffice, you will receive a credit for two free support requests within the support period. By using our support form, you avoid queries and receive your answer more quickly. Please note that the support period ends on 31.12.2026.<\/p>\n\n\n\n<div class=\"wp-block-buttons is-content-justification-center is-layout-flex wp-container-core-buttons-is-layout-16018d1d wp-block-buttons-is-layout-flex\">\n<div class=\"wp-block-button has-custom-font-size\" style=\"font-size:16px\"><a class=\"wp-block-button__link has-background wp-element-button\" href=\"https:\/\/www.elooffice.com\/en-de\/support\/support-form.html\" style=\"border-radius:8px;background-color:#3677b6\" target=\"_blank\" rel=\"noreferrer noopener\">Support Form<\/a><\/div>\n<\/div>\n","protected":false},"excerpt":{"rendered":"<p>See English version below. Der Verkauf von ELOoffice wurde eingestellt. Unabh\u00e4ngig davon finden Sie hier selbstverst\u00e4ndlich Online-Support f\u00fcr ELOoffice bis zum 31.12.2026. Sobald Sie Ihre ELOoffice-Vollversion registriert haben, erhalten Sie von uns ein Guthaben \u00fcber zwei kostenlose Support-Anfragen innerhalb des Supportzeitraums. Durch die Nutzung unseres Support-Formulars vermeiden Sie R\u00fcckfragen und erhalten schneller Ihre Antwort. Bitte [&hellip;]<\/p>\n","protected":false},"author":1,"featured_media":0,"parent":3355,"menu_order":0,"comment_status":"closed","ping_status":"closed","template":"","meta":{"footnotes":""},"class_list":["post-3408","page","type-page","status-publish","hentry"],"yoast_head":"<!-- This site is optimized with the Yoast SEO plugin v27.1.1 - https:\/\/yoast.com\/product\/yoast-seo-wordpress\/ -->\n<title>Supportanfragen - ELOoffice Blog<\/title>\n<meta name=\"description\" content=\"In unserem Support-Blog finden Sie zahlreiche n\u00fctzliche Informationen aus der Praxis. - See English version below. Der Verkauf von ELOoffice wurde eingestellt. Unabh\u00e4ngig davon finden Sie hier selbstverst\u00e4ndlich Online-Support f\u00fcr ELOoffice\" \/>\n<meta name=\"robots\" content=\"noindex, follow\" \/>\n<meta property=\"og:locale\" content=\"de_DE\" \/>\n<meta property=\"og:type\" content=\"article\" \/>\n<meta property=\"og:title\" content=\"Supportanfragen - ELOoffice Blog\" \/>\n<meta property=\"og:description\" content=\"In unserem Support-Blog finden Sie zahlreiche n\u00fctzliche Informationen aus der Praxis. - See English version below. Der Verkauf von ELOoffice wurde eingestellt. Unabh\u00e4ngig davon finden Sie hier selbstverst\u00e4ndlich Online-Support f\u00fcr ELOoffice\" \/>\n<meta property=\"og:url\" content=\"https:\/\/www.elooffice.com\/blog\/support\/supportanfragen\" \/>\n<meta property=\"og:site_name\" content=\"ELOoffice Blog\" \/>\n<meta name=\"twitter:card\" content=\"summary_large_image\" \/>\n<meta name=\"twitter:label1\" content=\"Gesch\u00e4tzte Lesezeit\" \/>\n\t<meta name=\"twitter:data1\" content=\"1\u00a0Minute\" \/>\n<script type=\"application\/ld+json\" class=\"yoast-schema-graph\">{\"@context\":\"https:\/\/schema.org\",\"@graph\":[{\"@type\":\"WebPage\",\"@id\":\"https:\/\/www.elooffice.com\/blog\/support\/supportanfragen\",\"url\":\"https:\/\/www.elooffice.com\/blog\/support\/supportanfragen\",\"name\":\"Supportanfragen - ELOoffice Blog\",\"isPartOf\":{\"@id\":\"https:\/\/www.elooffice.com\/blog\/#website\"},\"datePublished\":\"2024-09-23T07:17:11+00:00\",\"description\":\"In unserem Support-Blog finden Sie zahlreiche n\u00fctzliche Informationen aus der Praxis. - See English version below. Der Verkauf von ELOoffice wurde eingestellt. Unabh\u00e4ngig davon finden Sie hier selbstverst\u00e4ndlich Online-Support f\u00fcr ELOoffice\",\"breadcrumb\":{\"@id\":\"https:\/\/www.elooffice.com\/blog\/support\/supportanfragen#breadcrumb\"},\"inLanguage\":\"de\",\"potentialAction\":[{\"@type\":\"ReadAction\",\"target\":[\"https:\/\/www.elooffice.com\/blog\/support\/supportanfragen\"]}]},{\"@type\":\"BreadcrumbList\",\"@id\":\"https:\/\/www.elooffice.com\/blog\/support\/supportanfragen#breadcrumb\",\"itemListElement\":[{\"@type\":\"ListItem\",\"position\":1,\"name\":\"Support\",\"item\":\"https:\/\/www.elooffice.com\/blog\/support\"},{\"@type\":\"ListItem\",\"position\":2,\"name\":\"Supportanfragen\"}]},{\"@type\":\"WebSite\",\"@id\":\"https:\/\/www.elooffice.com\/blog\/#website\",\"url\":\"https:\/\/www.elooffice.com\/blog\/\",\"name\":\"ELOoffice Blog\",\"description\":\"ELO Office Digital GmbH\",\"potentialAction\":[{\"@type\":\"SearchAction\",\"target\":{\"@type\":\"EntryPoint\",\"urlTemplate\":\"https:\/\/www.elooffice.com\/blog\/?s={search_term_string}\"},\"query-input\":{\"@type\":\"PropertyValueSpecification\",\"valueRequired\":true,\"valueName\":\"search_term_string\"}}],\"inLanguage\":\"de\"}]}<\/script>\n<!-- \/ Yoast SEO plugin. -->","yoast_head_json":{"title":"Supportanfragen - ELOoffice Blog","description":"In unserem Support-Blog finden Sie zahlreiche n\u00fctzliche Informationen aus der Praxis. - See English version below. Der Verkauf von ELOoffice wurde eingestellt. Unabh\u00e4ngig davon finden Sie hier selbstverst\u00e4ndlich Online-Support f\u00fcr ELOoffice","robots":{"index":"noindex","follow":"follow"},"og_locale":"de_DE","og_type":"article","og_title":"Supportanfragen - ELOoffice Blog","og_description":"In unserem Support-Blog finden Sie zahlreiche n\u00fctzliche Informationen aus der Praxis. - See English version below. Der Verkauf von ELOoffice wurde eingestellt. Unabh\u00e4ngig davon finden Sie hier selbstverst\u00e4ndlich Online-Support f\u00fcr ELOoffice","og_url":"https:\/\/www.elooffice.com\/blog\/support\/supportanfragen","og_site_name":"ELOoffice Blog","twitter_card":"summary_large_image","twitter_misc":{"Gesch\u00e4tzte Lesezeit":"1\u00a0Minute"},"schema":{"@context":"https:\/\/schema.org","@graph":[{"@type":"WebPage","@id":"https:\/\/www.elooffice.com\/blog\/support\/supportanfragen","url":"https:\/\/www.elooffice.com\/blog\/support\/supportanfragen","name":"Supportanfragen - ELOoffice Blog","isPartOf":{"@id":"https:\/\/www.elooffice.com\/blog\/#website"},"datePublished":"2024-09-23T07:17:11+00:00","description":"In unserem Support-Blog finden Sie zahlreiche n\u00fctzliche Informationen aus der Praxis. - See English version below. Der Verkauf von ELOoffice wurde eingestellt. Unabh\u00e4ngig davon finden Sie hier selbstverst\u00e4ndlich Online-Support f\u00fcr ELOoffice","breadcrumb":{"@id":"https:\/\/www.elooffice.com\/blog\/support\/supportanfragen#breadcrumb"},"inLanguage":"de","potentialAction":[{"@type":"ReadAction","target":["https:\/\/www.elooffice.com\/blog\/support\/supportanfragen"]}]},{"@type":"BreadcrumbList","@id":"https:\/\/www.elooffice.com\/blog\/support\/supportanfragen#breadcrumb","itemListElement":[{"@type":"ListItem","position":1,"name":"Support","item":"https:\/\/www.elooffice.com\/blog\/support"},{"@type":"ListItem","position":2,"name":"Supportanfragen"}]},{"@type":"WebSite","@id":"https:\/\/www.elooffice.com\/blog\/#website","url":"https:\/\/www.elooffice.com\/blog\/","name":"ELOoffice Blog","description":"ELO Office Digital GmbH","potentialAction":[{"@type":"SearchAction","target":{"@type":"EntryPoint","urlTemplate":"https:\/\/www.elooffice.com\/blog\/?s={search_term_string}"},"query-input":{"@type":"PropertyValueSpecification","valueRequired":true,"valueName":"search_term_string"}}],"inLanguage":"de"}]}},"_links":{"self":[{"href":"https:\/\/www.elooffice.com\/blog\/wp-json\/wp\/v2\/pages\/3408","targetHints":{"allow":["GET"]}}],"collection":[{"href":"https:\/\/www.elooffice.com\/blog\/wp-json\/wp\/v2\/pages"}],"about":[{"href":"https:\/\/www.elooffice.com\/blog\/wp-json\/wp\/v2\/types\/page"}],"author":[{"embeddable":true,"href":"https:\/\/www.elooffice.com\/blog\/wp-json\/wp\/v2\/users\/1"}],"replies":[{"embeddable":true,"href":"https:\/\/www.elooffice.com\/blog\/wp-json\/wp\/v2\/comments?post=3408"}],"version-history":[{"count":3,"href":"https:\/\/www.elooffice.com\/blog\/wp-json\/wp\/v2\/pages\/3408\/revisions"}],"predecessor-version":[{"id":3458,"href":"https:\/\/www.elooffice.com\/blog\/wp-json\/wp\/v2\/pages\/3408\/revisions\/3458"}],"up":[{"embeddable":true,"href":"https:\/\/www.elooffice.com\/blog\/wp-json\/wp\/v2\/pages\/3355"}],"wp:attachment":[{"href":"https:\/\/www.elooffice.com\/blog\/wp-json\/wp\/v2\/media?parent=3408"}],"curies":[{"name":"wp","href":"https:\/\/api.w.org\/{rel}","templated":true}]}}