{"id":3353,"date":"2024-09-04T10:45:01","date_gmt":"2024-09-04T08:45:01","guid":{"rendered":"https:\/\/www.elooffice.com\/blog\/?page_id=3353"},"modified":"2025-10-08T10:28:29","modified_gmt":"2025-10-08T08:28:29","slug":"impressum","status":"publish","type":"page","link":"https:\/\/www.elooffice.com\/blog\/impressum","title":{"rendered":"Impressum"},"content":{"rendered":"\n<p><a href=\"#english\">See English version below.<\/a><\/p>\n\n\n\n<p><strong>ELO Digital Office GmbH<\/strong><br>Vertretungsberechtigter Gesch\u00e4ftsf\u00fchrer:<br>Nils Mosbach<\/p>\n\n\n\n<p><strong>Adresse:<\/strong><br>ELO Digital Office GmbH<br>T\u00fcbinger Str. 43<br>70178 Stuttgart<br>Deutschland<\/p>\n\n\n\n<p>Phone: +49 (711) 806089-0<br>Fax: +49 (711) 806089-19<br><a href=\"mailto:info@elo.com\">info[at]elo.com<\/a><\/p>\n\n\n\n<p><strong>Eintrag Handelsregister:<\/strong><br>Registergericht Stuttgart HRB 15059<br>Umsatzsteuer-Identifikationsnummer gem\u00e4\u00df \u00a7 27a Umsatzsteuergesetz: DE 812471516<\/p>\n\n\n\n<p><strong>Social-Media-Angebote:<\/strong><br>Die Angaben in diesem Impressum sind ebenfalls f\u00fcr folgende Social Media-Accounts verbindlich:<\/p>\n\n\n\n<ul class=\"wp-block-list\">\n<li><a href=\"https:\/\/www.xing.com\/companies\/elodigitalofficegmbh\" target=\"_blank\" rel=\"noreferrer noopener\">Xing<\/a><\/li>\n\n\n\n<li><a href=\"https:\/\/www.linkedin.com\/company\/elo-digital-office\" target=\"_blank\" rel=\"noreferrer noopener\">LinkedIn<\/a><\/li>\n\n\n\n<li><a href=\"https:\/\/www.youtube.com\/user\/ELODigitalOffice?feature=watch\" target=\"_blank\" rel=\"noreferrer noopener\">YouTube<\/a><\/li>\n\n\n\n<li><a href=\"https:\/\/twitter.com\/ELODigital_DE\" target=\"_blank\" rel=\"noreferrer noopener\">Twitter<\/a><\/li>\n<\/ul>\n\n\n\n<p><strong>Beschwerdeverfahren nach Art. 14 Abs. 1 ODR-Verordnung und \u00a7 36 VSBG:<\/strong><\/p>\n\n\n\n<p>Die Europ\u00e4ische Kommission stellt eine Plattform zur Online-Streitbeteiligung (OS) bereit, die Sie unter &nbsp;<a href=\"https:\/\/ec.europa.eu\/consumers\/odr\/\" target=\"_blank\" rel=\"noreferrer noopener\">https:\/\/ec.europa.eu\/consumers\/odr\/<\/a>&nbsp;finden. Zur Teilnahme an einem Streitbeteiligungsverfahren vor einer Verbraucherschlichtungsstelle sind wir nicht verpflichtet und nicht bereit.<\/p>\n\n\n\n<p>Zum Hintergrund:<br>Wie bisher gehen wir davon aus, dass eine L\u00f6sung in der Regel ohne Streitschlichtungsstelle gefunden werden kann, sofern die beiden Parteien miteinander sprechen.<br>Wir sind ein kundenorientiertes Unternehmen und um eine gute Beziehung zu unseren Kunden bem\u00fcht. Im Falle auftretender Meinungsverschiedenheiten oder Streitigkeiten zwischen dem Kunden und der ELO Digital Office GmbH werden wir weiterhin das direkte Gespr\u00e4ch suchen und auf au\u00dfergerichtlichem Wege \u2013 gemeinsam mit dem Kunden \u2013 eine einvernehmlich und insbesondere eine zur beiderseitigen Zufriedenheit f\u00fchrende L\u00f6sung entwickeln.&nbsp;<\/p>\n\n\n\n<p>Bei Fragen k\u00f6nnen Sie sich vorab auch an diese E-Mail-Adresse wenden:&nbsp;<a href=\"mailto:info@elooffice.com\">info(at)elooffice.com<\/a><\/p>\n\n\n\n<div style=\"height:100px\" aria-hidden=\"true\" class=\"wp-block-spacer\"><\/div>\n\n\n\n<hr class=\"wp-block-separator has-alpha-channel-opacity is-style-wide\" id=\"english\"\/>\n\n\n\n<div style=\"height:70px\" aria-hidden=\"true\" class=\"wp-block-spacer\"><\/div>\n\n\n\n<h1 class=\"wp-block-heading\">Company Information<\/h1>\n\n\n\n<p><strong>ELO Digital Office GmbH<\/strong><br>Chief Executive Officer:<br>Nils Mosbach<\/p>\n\n\n\n<p><strong>Address:<\/strong><br>ELO Digital Office GmbH<br>T\u00fcbinger Str. 43<br>70178 Stuttgart<br>Germany<\/p>\n\n\n\n<p>Phone: +49 (711) 806089-0<br>Fax: +49 (711) 806089-19<br><a href=\"mailto:info@elo.com\">info[at]elo.com<\/a><\/p>\n\n\n\n<p><strong>Commercial register entry:&nbsp;<\/strong><br>Stuttgart district court HRB 15059<br>VAT number according to Sec. 27a German VAT Act (UStG): DE 812471516<\/p>\n\n\n\n<p><strong>Social media:&nbsp;<\/strong><br>The information stated on this page also applies for our social media accounts:<\/p>\n\n\n\n<ul class=\"wp-block-list\">\n<li><a href=\"https:\/\/www.xing.com\/companies\/elodigitalofficegmbh\" target=\"_blank\" rel=\"noreferrer noopener\">Xing<\/a><\/li>\n\n\n\n<li><a href=\"https:\/\/www.linkedin.com\/company\/elo-digital-office\" target=\"_blank\" rel=\"noreferrer noopener\">LinkedIn<\/a><\/li>\n\n\n\n<li><a href=\"https:\/\/www.youtube.com\/user\/ELODigitalOffice?feature=watch\" target=\"_blank\" rel=\"noreferrer noopener\">YouTube<\/a><\/li>\n\n\n\n<li><a href=\"https:\/\/twitter.com\/ELODigital_DE\" target=\"_blank\" rel=\"noreferrer noopener\">Twitter<\/a><\/li>\n<\/ul>\n\n\n\n<p><strong>Complaints Procedure Pursuant to Section 14 Paragraph 1 ODR Directive and Section 36 German Act on Dispute Resolution in Consumer Matters (VSBG):<\/strong><\/p>\n\n\n\n<p>The European Commission has established the Online Dispute Resolution website&nbsp;<a href=\"https:\/\/ec.europa.eu\/consumers\/odr\/\" target=\"_blank\" rel=\"noreferrer noopener\">https:\/\/ec.europa.eu\/consumers\/odr\/<\/a>. We are not legally obligated or willing to enter into a dispute resolution proceeding before a dispute resolution body.<\/p>\n\n\n\n<p>As a customer-oriented company which strives to maintain good relationships with our customers, we believe that it is possible to resolve a dispute without the need for a dispute resolution body. In the event of disagreements or disputes between the customer and ELO Digital Office GmbH, we will continue to attempt direct negotiations with the customer to find an out-of-court solution that is of mutual benefit to all parties involved.<\/p>\n\n\n\n<p>If you have any questions, you can send an e-mail to:&nbsp;<a>info(at)elooffice.com<\/a><\/p>\n","protected":false},"excerpt":{"rendered":"<p>See English version below. ELO Digital Office GmbHVertretungsberechtigter Gesch\u00e4ftsf\u00fchrer:Nils Mosbach Adresse:ELO Digital Office GmbHT\u00fcbinger Str. 4370178 StuttgartDeutschland Phone: +49 (711) 806089-0Fax: +49 (711) 806089-19info[at]elo.com Eintrag Handelsregister:Registergericht Stuttgart HRB 15059Umsatzsteuer-Identifikationsnummer gem\u00e4\u00df \u00a7 27a Umsatzsteuergesetz: DE 812471516 Social-Media-Angebote:Die Angaben in diesem Impressum sind ebenfalls f\u00fcr folgende Social Media-Accounts verbindlich: Beschwerdeverfahren nach Art. 14 Abs. 1 ODR-Verordnung und [&hellip;]<\/p>\n","protected":false},"author":1,"featured_media":0,"parent":0,"menu_order":0,"comment_status":"closed","ping_status":"closed","template":"","meta":{"footnotes":""},"class_list":["post-3353","page","type-page","status-publish","hentry"],"yoast_head":"<!-- This site is optimized with the Yoast SEO plugin v27.1.1 - https:\/\/yoast.com\/product\/yoast-seo-wordpress\/ -->\n<title>Impressum - ELOoffice Blog<\/title>\n<meta name=\"description\" content=\"In unserem Support-Blog finden Sie zahlreiche n\u00fctzliche Informationen aus der Praxis. - See English version below. ELO Digital Office GmbHVertretungsberechtigter Gesch\u00e4ftsf\u00fchrer:Nils Mosbach Adresse:ELO Digital Office GmbHT\u00fcbinger Str.\" \/>\n<meta name=\"robots\" content=\"noindex, follow\" \/>\n<meta property=\"og:locale\" content=\"de_DE\" \/>\n<meta property=\"og:type\" content=\"article\" \/>\n<meta property=\"og:title\" content=\"Impressum - ELOoffice Blog\" \/>\n<meta property=\"og:description\" content=\"In unserem Support-Blog finden Sie zahlreiche n\u00fctzliche Informationen aus der Praxis. - See English version below. ELO Digital Office GmbHVertretungsberechtigter Gesch\u00e4ftsf\u00fchrer:Nils Mosbach Adresse:ELO Digital Office GmbHT\u00fcbinger Str.\" \/>\n<meta property=\"og:url\" content=\"https:\/\/www.elooffice.com\/blog\/impressum\" \/>\n<meta property=\"og:site_name\" content=\"ELOoffice Blog\" \/>\n<meta property=\"article:modified_time\" content=\"2025-10-08T08:28:29+00:00\" \/>\n<meta name=\"twitter:card\" content=\"summary_large_image\" \/>\n<meta name=\"twitter:label1\" content=\"Gesch\u00e4tzte Lesezeit\" \/>\n\t<meta name=\"twitter:data1\" content=\"3\u00a0Minuten\" \/>\n<script type=\"application\/ld+json\" class=\"yoast-schema-graph\">{\"@context\":\"https:\/\/schema.org\",\"@graph\":[{\"@type\":\"WebPage\",\"@id\":\"https:\/\/www.elooffice.com\/blog\/impressum\",\"url\":\"https:\/\/www.elooffice.com\/blog\/impressum\",\"name\":\"Impressum - ELOoffice Blog\",\"isPartOf\":{\"@id\":\"https:\/\/www.elooffice.com\/blog\/#website\"},\"datePublished\":\"2024-09-04T08:45:01+00:00\",\"dateModified\":\"2025-10-08T08:28:29+00:00\",\"description\":\"In unserem Support-Blog finden Sie zahlreiche n\u00fctzliche Informationen aus der Praxis. - See English version below. ELO Digital Office GmbHVertretungsberechtigter Gesch\u00e4ftsf\u00fchrer:Nils Mosbach Adresse:ELO Digital Office GmbHT\u00fcbinger Str.\",\"inLanguage\":\"de\",\"potentialAction\":[{\"@type\":\"ReadAction\",\"target\":[\"https:\/\/www.elooffice.com\/blog\/impressum\"]}]},{\"@type\":\"WebSite\",\"@id\":\"https:\/\/www.elooffice.com\/blog\/#website\",\"url\":\"https:\/\/www.elooffice.com\/blog\/\",\"name\":\"ELOoffice Blog\",\"description\":\"ELO Office Digital GmbH\",\"potentialAction\":[{\"@type\":\"SearchAction\",\"target\":{\"@type\":\"EntryPoint\",\"urlTemplate\":\"https:\/\/www.elooffice.com\/blog\/?s={search_term_string}\"},\"query-input\":{\"@type\":\"PropertyValueSpecification\",\"valueRequired\":true,\"valueName\":\"search_term_string\"}}],\"inLanguage\":\"de\"}]}<\/script>\n<!-- \/ Yoast SEO plugin. -->","yoast_head_json":{"title":"Impressum - ELOoffice Blog","description":"In unserem Support-Blog finden Sie zahlreiche n\u00fctzliche Informationen aus der Praxis. - See English version below. ELO Digital Office GmbHVertretungsberechtigter Gesch\u00e4ftsf\u00fchrer:Nils Mosbach Adresse:ELO Digital Office GmbHT\u00fcbinger Str.","robots":{"index":"noindex","follow":"follow"},"og_locale":"de_DE","og_type":"article","og_title":"Impressum - ELOoffice Blog","og_description":"In unserem Support-Blog finden Sie zahlreiche n\u00fctzliche Informationen aus der Praxis. - See English version below. ELO Digital Office GmbHVertretungsberechtigter Gesch\u00e4ftsf\u00fchrer:Nils Mosbach Adresse:ELO Digital Office GmbHT\u00fcbinger Str.","og_url":"https:\/\/www.elooffice.com\/blog\/impressum","og_site_name":"ELOoffice Blog","article_modified_time":"2025-10-08T08:28:29+00:00","twitter_card":"summary_large_image","twitter_misc":{"Gesch\u00e4tzte Lesezeit":"3\u00a0Minuten"},"schema":{"@context":"https:\/\/schema.org","@graph":[{"@type":"WebPage","@id":"https:\/\/www.elooffice.com\/blog\/impressum","url":"https:\/\/www.elooffice.com\/blog\/impressum","name":"Impressum - ELOoffice Blog","isPartOf":{"@id":"https:\/\/www.elooffice.com\/blog\/#website"},"datePublished":"2024-09-04T08:45:01+00:00","dateModified":"2025-10-08T08:28:29+00:00","description":"In unserem Support-Blog finden Sie zahlreiche n\u00fctzliche Informationen aus der Praxis. - See English version below. ELO Digital Office GmbHVertretungsberechtigter Gesch\u00e4ftsf\u00fchrer:Nils Mosbach Adresse:ELO Digital Office GmbHT\u00fcbinger Str.","inLanguage":"de","potentialAction":[{"@type":"ReadAction","target":["https:\/\/www.elooffice.com\/blog\/impressum"]}]},{"@type":"WebSite","@id":"https:\/\/www.elooffice.com\/blog\/#website","url":"https:\/\/www.elooffice.com\/blog\/","name":"ELOoffice Blog","description":"ELO Office Digital GmbH","potentialAction":[{"@type":"SearchAction","target":{"@type":"EntryPoint","urlTemplate":"https:\/\/www.elooffice.com\/blog\/?s={search_term_string}"},"query-input":{"@type":"PropertyValueSpecification","valueRequired":true,"valueName":"search_term_string"}}],"inLanguage":"de"}]}},"_links":{"self":[{"href":"https:\/\/www.elooffice.com\/blog\/wp-json\/wp\/v2\/pages\/3353","targetHints":{"allow":["GET"]}}],"collection":[{"href":"https:\/\/www.elooffice.com\/blog\/wp-json\/wp\/v2\/pages"}],"about":[{"href":"https:\/\/www.elooffice.com\/blog\/wp-json\/wp\/v2\/types\/page"}],"author":[{"embeddable":true,"href":"https:\/\/www.elooffice.com\/blog\/wp-json\/wp\/v2\/users\/1"}],"replies":[{"embeddable":true,"href":"https:\/\/www.elooffice.com\/blog\/wp-json\/wp\/v2\/comments?post=3353"}],"version-history":[{"count":6,"href":"https:\/\/www.elooffice.com\/blog\/wp-json\/wp\/v2\/pages\/3353\/revisions"}],"predecessor-version":[{"id":3524,"href":"https:\/\/www.elooffice.com\/blog\/wp-json\/wp\/v2\/pages\/3353\/revisions\/3524"}],"wp:attachment":[{"href":"https:\/\/www.elooffice.com\/blog\/wp-json\/wp\/v2\/media?parent=3353"}],"curies":[{"name":"wp","href":"https:\/\/api.w.org\/{rel}","templated":true}]}}