{"id":3349,"date":"2024-09-04T10:42:31","date_gmt":"2024-09-04T08:42:31","guid":{"rendered":"https:\/\/www.elooffice.com\/blog\/?page_id=3349"},"modified":"2024-09-19T11:33:48","modified_gmt":"2024-09-19T09:33:48","slug":"cookie-richtlinie","status":"publish","type":"page","link":"https:\/\/www.elooffice.com\/blog\/cookie-richtlinie","title":{"rendered":"Cookie-Richtlinie"},"content":{"rendered":"\n<p><a href=\"#english\">See English version below.<\/a><\/p>\n\n\n\n<h2 class=\"wp-block-heading\">Allgemeiner Hinweis<\/h2>\n\n\n\n<h3 class=\"wp-block-heading\"><strong>1) Beschreibung und Umfang der Datenverarbeitung<\/strong><\/h3>\n\n\n\n<p>Unsere Website verwendet Cookies. Bei Nutzung unserer Website werden Cookies auf Ihrem Rechner gespeichert, um den Besuch unserer Websites f\u00fcr Sie attraktiv zu gestalten und die Nutzung bestimmter Funktionen zu erm\u00f6glichen. Bei Cookies handelt es sich um kleine Textdateien, die auf Ihrer Festplatte dem von Ihnen verwendeten Browser zugeordnet und gespeichert werden und durch welche der Stelle, die das Cookie setzt (hier durch uns), bestimmte Informationen zuflie\u00dfen. Cookies k\u00f6nnen auf der Festplatte oder im Arbeitsspeicher Ihres Computers abgespeichert werden und richten dort keinen Schaden an. Auch k\u00f6nnen Cookies keine Programme ausf\u00fchren oder Viren auf Ihren Computer \u00fcbertragen.<\/p>\n\n\n\n<p>Sie k\u00f6nnen unsere Webseiten grunds\u00e4tzlich auch ohne die Cookies aufrufen, deren Einsatz technisch nicht notwendig ist. Wollen Sie unsere Webseiten jedoch vollumf\u00e4nglich bzw. komfortabel nutzen, sollten Sie auch die \u201etechnisch nicht notwendigen\u201c Cookies akzeptieren.<\/p>\n\n\n\n<h3 class=\"wp-block-heading\"><strong>2) Arten von Cookies<\/strong><\/h3>\n\n\n\n<p>Die Verwendungszwecke der von uns genutzten Cookies k\u00f6nnen Sie der untenstehenden \u00dcbersicht entnehmen.<\/p>\n\n\n\n<ol class=\"wp-block-list\">\n<li><strong>a) Session Cookie<\/strong><br>W\u00e4hrend Sie auf einer Webseite aktiv sind, wird tempor\u00e4r ein Session-Cookie im Speicher Ihres Computers abgelegt, in dem eine Sitzungskennung gespeichert wird, um z.B. bei jedem Seitenwechsel zu verhindern, dass Sie sich erneut anmelden m\u00fcssen. Sitzungs-Cookies werden bei der Abmeldung gel\u00f6scht, verlieren ihre G\u00fcltigkeit, sobald ihre Sitzung automatisch abgelaufen ist oder werden automatisch gel\u00f6scht, wenn Sie den Browser schlie\u00dfen.<\/li>\n\n\n\n<li><strong>b) Protokoll Cookies<\/strong><\/li>\n<\/ol>\n\n\n\n<p>Ein permanenter oder Protokoll-Cookie speichert eine Datei \u00fcber den im Ablaufdatum vorgesehenen Zeitraum auf Ihrem Computer. Durch diese Cookies erinnern sich Webseiten bei Ihrem n\u00e4chsten Besuch an Ihre Informationen und Einstellungen. Das f\u00fchrt zu einem schnelleren und bequemeren Zugriff, da Sie z.B. nicht erneut ihre Spracheinstellung f\u00fcr unser Portal vornehmen m\u00fcssen. Mit Verstreichen des Ablaufdatums wird das Cookie automatisch gel\u00f6scht, wenn Sie die Webseite besuchen, die diesen erzeugt hat.<\/p>\n\n\n\n<ol class=\"wp-block-list\">\n<li><strong>c) Third Party Cookies<\/strong><\/li>\n<\/ol>\n\n\n\n<p>Third Party-Cookies stammen von anderen Anbietern als dem Betreiber der Webseite. Sie k\u00f6nnen beispielsweise zum Sammeln von Informationen f\u00fcr Werbung, benutzerdefinierte Inhalte und Web-Statistiken verwendet werden. Wir nutzen Third Party Cookies, um die Nutzung unserer Website zu analysieren und regelm\u00e4\u00dfig verbessern zu k\u00f6nnen. \u00dcber die gewonnenen Statistiken k\u00f6nnen wir unser Angebot optimieren und f\u00fcr Sie als Nutzer interessanter ausgestalten.<\/p>\n\n\n\n<h3 class=\"wp-block-heading\">3) Rechtsgrundlage und Zweck f\u00fcr die Datenverarbeitung<\/h3>\n\n\n\n<p>Nicht jedes Cookie ist notwendig, um lediglich die technische Funktionalit\u00e4t der Webseiten bereitzustellen. Daher werden die Cookies in \u201etechnisch notwendige\u201c und \u201etechnisch nicht notwendige Cookies\u201c unterschieden. Als technisch notwendige und nicht einwilligungspflichtige Cookies gelten all solche Cookies, die f\u00fcr den Betrieb einer Website und deren Funktionen erforderlich sind und die Nutzung der Webseite vereinfachen. Durch Einsatz der technisch notwendigen Cookies werden keine Nutzerprofile erstellt.<\/p>\n\n\n\n<p>Als technisch nicht notwendige und damit einwilligungspflichtige Cookies gelten all diejenigen, die f\u00fcr den Betrieb einer Website und die Bereitstellung spezifischer Seitenfunktionen nicht zwingend technisch erforderlich sind. Die Verwendung der nicht notwendigen Cookies, insb. Analyse-Cookies, erfolgt zu dem Zweck, die Qualit\u00e4t unserer Website und ihre Inhalte zu verbessern. Durch die Analyse-Cookies erfahren wir, wie die Website genutzt wird und k\u00f6nnen so unser Angebot stetig optimieren.<\/p>\n\n\n\n<p>Der Einsatz der technisch notwendigen Cookies unterliegt unserem berechtigten Interesse gem. Art. 6 (1) lit. f DSGVO (Rechtsgrundlage), eine funktionsf\u00e4hige Webseite bereitzustellen.<\/p>\n\n\n\n<p>Der Einsatz technisch nicht notwendiger Cookies (insbes. Third Party Cookies) geschieht nur mit ihrer expliziten Einwilligung hierzu. Sofern Sie beim Besuch unserer Webseite weitere Cookies au\u00dfer den technischen notwendigen Cookies aktivieren, basiert der Einsatz auf der Rechtgrundlage der freiwilligen Einwilligung, gem. Art. 6 (1) lit. a DSGVO. &nbsp;&nbsp;&nbsp;<\/p>\n\n\n\n<h2 class=\"wp-block-heading\">&nbsp;<\/h2>\n\n\n\n<h2 class=\"wp-block-heading\">Einstellungsm\u00f6glichkeit und Widerspruch<\/h2>\n\n\n\n<h3 class=\"wp-block-heading\">1) Einstellungen<\/h3>\n\n\n\n<p>Eine Liste der von uns genutzten Cookies, Beschreibungen der Zwecke der Cookies sowie weitere Informationen zu den jeweiligen Cookies finden Sie in der Aufschl\u00fcsselung unseres&nbsp;<a href=\"#\" onclick=\"UC_UI.showSecondLayer();\">Tools<\/a><\/p>\n\n\n\n<p>Sie k\u00f6nnen jederzeit Ihre&nbsp;<a href=\"#\" onclick=\"UC_UI.showSecondLayer();\">Cookieeinstellungen<\/a>&nbsp;vornehmen und ver\u00e4ndern, indem Sie ein gr\u00fcnes H\u00e4kchen neben das jeweilige Cookie setzen (akzeptieren) bzw. es entfernen (ablehnen) und anschlie\u00dfend auf \u201eEinstellungen speichern\u201c klicken. Ihre vorgenommenen Einstellungen werden auf Ihrem Computer oder mobilen Ger\u00e4t so lang gespeichert, bis sie diese ver\u00e4ndern oder l\u00f6schen (bspw. bei Browserverlaufsl\u00f6schungen) oder von einem neuen Browser bzw. mit einem neuen Ger\u00e4t unsere Seite aufrufen.<\/p>\n\n\n\n<h3 class=\"wp-block-heading\">2) Widerspruch<\/h3>\n\n\n\n<p>Sie haben jederzeit die M\u00f6glichkeit, Ihre vorgenommenen&nbsp;<a href=\"#\" onclick=\"UC_UI.showSecondLayer();\">Cookie-Einstellungen<\/a>&nbsp;zu \u00e4ndern. Dies k\u00f6nnen Sie entweder direkt durch die Auswahl\/ Abwahl der einzelnen Cookies in unserem&nbsp;<a href=\"#\" onclick=\"UC_UI.showSecondLayer();\">Cookie-Tool<\/a>&nbsp;tun, oder durch die Ver\u00e4nderung der Einstellungen Ihres Browsers. Die meisten Browser sind standardm\u00e4\u00dfig so eingestellt, dass sie alle Cookies akzeptieren. Sie haben allerdings die M\u00f6glichkeit, Ihren Browser derart einzustellen, dass Cookies vor ihrer Speicherung angezeigt werden, nur bestimmte Cookies akzeptiert oder abgelehnt werden oder Cookies generell abgelehnt werden.<\/p>\n\n\n\n<p>Wir weisen darauf hin, dass Einstellungs\u00e4nderungen immer nur den jeweiligen Browser betreffen. Nutzen Sie verschiedene Browser oder wechseln Sie das Endger\u00e4t, m\u00fcssen die Einstellungen erneut vorgenommen werden. Dar\u00fcber hinaus k\u00f6nnen Sie Cookies jederzeit aus Ihrem Speichermedium l\u00f6schen. Informationen zu den Cookie-Einstellungen, deren \u00c4nderung und der L\u00f6schung von Cookies entnehmen Sie bitte der Hilfefunktion Ihres Web-Browsers.<\/p>\n\n\n\n<div style=\"height:100px\" aria-hidden=\"true\" class=\"wp-block-spacer\"><\/div>\n\n\n\n<hr class=\"wp-block-separator has-alpha-channel-opacity is-style-wide\" id=\"english\"\/>\n\n\n\n<div style=\"height:70px\" aria-hidden=\"true\" class=\"wp-block-spacer\"><\/div>\n\n\n\n<h1 class=\"wp-block-heading\">COOKIE POLICY<\/h1>\n\n\n\n<h2 class=\"wp-block-heading\"><strong>General note<\/strong><\/h2>\n\n\n\n<h3 class=\"wp-block-heading\"><strong>1) Description and scope of processing data<\/strong><\/h3>\n\n\n\n<p>Our website uses cookies. Cookies are designed to improve our website&#8217;s usability and to enable certain functions. Cookies are small text files that are assigned to the browser you use and stored on your hard drive. They are used to provide the party setting the cookie (in this case, us) with specific information. Cookies are either stored on your hard drive or device memory and cannot cause damage to your computer system. Cookies cannot run any programs or transmit any viruses to your computer.<\/p>\n\n\n\n<p>Our website does work without cookies that are not necessary for technical reasons, but you will lose some features and functionality if you choose to disable them. We therefore recommend that you set your browser to always accept optional cookies.<\/p>\n\n\n\n<h3 class=\"wp-block-heading\"><strong>2) Types of cookies<\/strong><\/h3>\n\n\n\n<p>Here is a list of the cookies we use on the website, and what we use them for.<\/p>\n\n\n\n<ol class=\"wp-block-list\">\n<li><strong>a) Session cookie<\/strong><br>When you are actively navigating a website, a session cookie containing a session identifier is stored in your computer&#8217;s memory, so you do not need to log on again when moving from one page to another, for example. Session cookies are deleted when you log off from the website, your session expires automatically, or you close the browser.<\/li>\n\n\n\n<li><strong>b) Persistent cookie<\/strong><\/li>\n<\/ol>\n\n\n\n<p>A persistent cookie remains on your computer until its set expiry date and enables websites to remember your information and settings the next time you visit the site. This gives you easier access to the website and its functions, as you do not have to change the language settings, for example. When the cookie reaches its expiry date, it is automatically deleted when you return to the website that created it.<\/p>\n\n\n\n<ol class=\"wp-block-list\">\n<li><strong>c) Third-party cookies<\/strong><\/li>\n<\/ol>\n\n\n\n<p>Third-party cookies are those that do not originate from the website operator. They can be used to collect information for advertising, user-specific contents, and web statistics. We use third-party cookies to analyze and regularly improve the use of our website. The statistics we gather allow us to improve our offering and make our website more interesting to you.<\/p>\n\n\n\n<h3 class=\"wp-block-heading\"><strong>3) Purpose and legal basis for processing data<\/strong><\/h3>\n\n\n\n<p>Not every cookie is required to provide a website function, which is why the cookies used on the website are broadly classified into strictly necessary cookies and optional cookies. Strictly necessary cookies do not require your consent and are essential to navigate around the website and use its functions. The data collected by these cookies is not used to generate user profiles.<\/p>\n\n\n\n<p>Optional cookies require your consent and are not absolutely essential to navigate around the website and use its functions. These cookies, especially analysis cookies, are used to enhance the performance and functionality of our website. Analysis cookies tell us how the website is used, allowing us to continually optimize our offering.<\/p>\n\n\n\n<p>Our use of strictly necessary cookies to deliver a functional website falls under the area of legitimate interest in accordance with Art. 6 (1) lit. f GDPR<\/p>\n\n\n\n<p>We only use optional cookies (especially third-party cookies) if we have obtained your explicit consent. If you enable cookies other than strictly necessary cookies when visiting our website, your use of these cookies is based on your voluntary consent in accordance with Art. 6 (1) lit. a GDPR.&nbsp;&nbsp;<\/p>\n\n\n\n<h2 class=\"wp-block-heading\">&nbsp;<\/h2>\n\n\n\n<h2 class=\"wp-block-heading\"><strong>Settings and right to withdraw consent<\/strong><\/h2>\n\n\n\n<h3 class=\"wp-block-heading\">1) Settings<\/h3>\n\n\n\n<p>Our&nbsp;<a href=\"#\" onclick=\"UC_UI.showSecondLayer();\">cookie tool<\/a>&nbsp;contains a list of the cookies that we use, a description of what we use them for, as well as additional information on the respective cookies.<\/p>\n\n\n\n<p>You can change your&nbsp;<a href=\"#\" onclick=\"UC_UI.showSecondLayer();\">cookie settings<\/a>&nbsp;at any time by placing a green check mark next to the respective cookie (allow) or removing it (block) and then clicking &#8222;Save settings&#8220;.&nbsp; Your settings are stored on your computer or mobile device until you change or delete them (e.g. by deleting your browser history), or until you access the website with a different browser or device.<\/p>\n\n\n\n<h3 class=\"wp-block-heading\">2) Right to withdraw consent<\/h3>\n\n\n\n<p>As stated in 4.1, you have the right to change your&nbsp;<a href=\"#\" onclick=\"UC_UI.showSecondLayer();\">cookie settings<\/a>&nbsp;at any time. You can do this either by enabling or disabling the individual cookies in our&nbsp;<a href=\"#\" onclick=\"UC_UI.showSecondLayer();\">cookie tool<\/a>, or by changing the settings of your browser. Most browsers are set to accept all cookies by default. However, you can configure your browser so that you are prompted each time to accept or refuse cookies before they are stored on your device, to allow or block specific cookies, or to block all cookies.<\/p>\n\n\n\n<p>Please note that any changes you make to the settings will only affect that particular browser. If you use a different browser or device, you will need to make the settings again. Additionally, you can delete cookies from your device memory at any time. Refer to your browser&#8217;s help section for information on cookie settings, how to change them, and how to delete cookies.<\/p>\n","protected":false},"excerpt":{"rendered":"<p>See English version below. Allgemeiner Hinweis 1) Beschreibung und Umfang der Datenverarbeitung Unsere Website verwendet Cookies. Bei Nutzung unserer Website werden Cookies auf Ihrem Rechner gespeichert, um den Besuch unserer Websites f\u00fcr Sie attraktiv zu gestalten und die Nutzung bestimmter Funktionen zu erm\u00f6glichen. Bei Cookies handelt es sich um kleine Textdateien, die auf Ihrer Festplatte [&hellip;]<\/p>\n","protected":false},"author":1,"featured_media":0,"parent":0,"menu_order":0,"comment_status":"closed","ping_status":"closed","template":"","meta":{"footnotes":""},"class_list":["post-3349","page","type-page","status-publish","hentry"],"yoast_head":"<!-- This site is optimized with the Yoast SEO plugin v27.1.1 - https:\/\/yoast.com\/product\/yoast-seo-wordpress\/ -->\n<title>Cookie-Richtlinie - ELOoffice Blog<\/title>\n<meta name=\"description\" content=\"In unserem Support-Blog finden Sie zahlreiche n\u00fctzliche Informationen aus der Praxis. - See English version below. Allgemeiner Hinweis 1) Beschreibung und Umfang der Datenverarbeitung Unsere Website verwendet Cookies. Bei Nutzung unserer\" \/>\n<meta name=\"robots\" content=\"noindex, follow\" \/>\n<meta property=\"og:locale\" content=\"de_DE\" \/>\n<meta property=\"og:type\" content=\"article\" \/>\n<meta property=\"og:title\" content=\"Cookie-Richtlinie - ELOoffice Blog\" \/>\n<meta property=\"og:description\" content=\"In unserem Support-Blog finden Sie zahlreiche n\u00fctzliche Informationen aus der Praxis. - See English version below. Allgemeiner Hinweis 1) Beschreibung und Umfang der Datenverarbeitung Unsere Website verwendet Cookies. Bei Nutzung unserer\" \/>\n<meta property=\"og:url\" content=\"https:\/\/www.elooffice.com\/blog\/cookie-richtlinie\" \/>\n<meta property=\"og:site_name\" content=\"ELOoffice Blog\" \/>\n<meta property=\"article:modified_time\" content=\"2024-09-19T09:33:48+00:00\" \/>\n<meta name=\"twitter:card\" content=\"summary_large_image\" \/>\n<meta name=\"twitter:label1\" content=\"Gesch\u00e4tzte Lesezeit\" \/>\n\t<meta name=\"twitter:data1\" content=\"9\u00a0Minuten\" \/>\n<script type=\"application\/ld+json\" class=\"yoast-schema-graph\">{\"@context\":\"https:\/\/schema.org\",\"@graph\":[{\"@type\":\"WebPage\",\"@id\":\"https:\/\/www.elooffice.com\/blog\/cookie-richtlinie\",\"url\":\"https:\/\/www.elooffice.com\/blog\/cookie-richtlinie\",\"name\":\"Cookie-Richtlinie - ELOoffice Blog\",\"isPartOf\":{\"@id\":\"https:\/\/www.elooffice.com\/blog\/#website\"},\"datePublished\":\"2024-09-04T08:42:31+00:00\",\"dateModified\":\"2024-09-19T09:33:48+00:00\",\"description\":\"In unserem Support-Blog finden Sie zahlreiche n\u00fctzliche Informationen aus der Praxis. - See English version below. Allgemeiner Hinweis 1) Beschreibung und Umfang der Datenverarbeitung Unsere Website verwendet Cookies. Bei Nutzung unserer\",\"inLanguage\":\"de\",\"potentialAction\":[{\"@type\":\"ReadAction\",\"target\":[\"https:\/\/www.elooffice.com\/blog\/cookie-richtlinie\"]}]},{\"@type\":\"WebSite\",\"@id\":\"https:\/\/www.elooffice.com\/blog\/#website\",\"url\":\"https:\/\/www.elooffice.com\/blog\/\",\"name\":\"ELOoffice Blog\",\"description\":\"ELO Office Digital GmbH\",\"potentialAction\":[{\"@type\":\"SearchAction\",\"target\":{\"@type\":\"EntryPoint\",\"urlTemplate\":\"https:\/\/www.elooffice.com\/blog\/?s={search_term_string}\"},\"query-input\":{\"@type\":\"PropertyValueSpecification\",\"valueRequired\":true,\"valueName\":\"search_term_string\"}}],\"inLanguage\":\"de\"}]}<\/script>\n<!-- \/ Yoast SEO plugin. -->","yoast_head_json":{"title":"Cookie-Richtlinie - ELOoffice Blog","description":"In unserem Support-Blog finden Sie zahlreiche n\u00fctzliche Informationen aus der Praxis. - See English version below. Allgemeiner Hinweis 1) Beschreibung und Umfang der Datenverarbeitung Unsere Website verwendet Cookies. Bei Nutzung unserer","robots":{"index":"noindex","follow":"follow"},"og_locale":"de_DE","og_type":"article","og_title":"Cookie-Richtlinie - ELOoffice Blog","og_description":"In unserem Support-Blog finden Sie zahlreiche n\u00fctzliche Informationen aus der Praxis. - See English version below. Allgemeiner Hinweis 1) Beschreibung und Umfang der Datenverarbeitung Unsere Website verwendet Cookies. Bei Nutzung unserer","og_url":"https:\/\/www.elooffice.com\/blog\/cookie-richtlinie","og_site_name":"ELOoffice Blog","article_modified_time":"2024-09-19T09:33:48+00:00","twitter_card":"summary_large_image","twitter_misc":{"Gesch\u00e4tzte Lesezeit":"9\u00a0Minuten"},"schema":{"@context":"https:\/\/schema.org","@graph":[{"@type":"WebPage","@id":"https:\/\/www.elooffice.com\/blog\/cookie-richtlinie","url":"https:\/\/www.elooffice.com\/blog\/cookie-richtlinie","name":"Cookie-Richtlinie - ELOoffice Blog","isPartOf":{"@id":"https:\/\/www.elooffice.com\/blog\/#website"},"datePublished":"2024-09-04T08:42:31+00:00","dateModified":"2024-09-19T09:33:48+00:00","description":"In unserem Support-Blog finden Sie zahlreiche n\u00fctzliche Informationen aus der Praxis. - See English version below. Allgemeiner Hinweis 1) Beschreibung und Umfang der Datenverarbeitung Unsere Website verwendet Cookies. Bei Nutzung unserer","inLanguage":"de","potentialAction":[{"@type":"ReadAction","target":["https:\/\/www.elooffice.com\/blog\/cookie-richtlinie"]}]},{"@type":"WebSite","@id":"https:\/\/www.elooffice.com\/blog\/#website","url":"https:\/\/www.elooffice.com\/blog\/","name":"ELOoffice Blog","description":"ELO Office Digital GmbH","potentialAction":[{"@type":"SearchAction","target":{"@type":"EntryPoint","urlTemplate":"https:\/\/www.elooffice.com\/blog\/?s={search_term_string}"},"query-input":{"@type":"PropertyValueSpecification","valueRequired":true,"valueName":"search_term_string"}}],"inLanguage":"de"}]}},"_links":{"self":[{"href":"https:\/\/www.elooffice.com\/blog\/wp-json\/wp\/v2\/pages\/3349","targetHints":{"allow":["GET"]}}],"collection":[{"href":"https:\/\/www.elooffice.com\/blog\/wp-json\/wp\/v2\/pages"}],"about":[{"href":"https:\/\/www.elooffice.com\/blog\/wp-json\/wp\/v2\/types\/page"}],"author":[{"embeddable":true,"href":"https:\/\/www.elooffice.com\/blog\/wp-json\/wp\/v2\/users\/1"}],"replies":[{"embeddable":true,"href":"https:\/\/www.elooffice.com\/blog\/wp-json\/wp\/v2\/comments?post=3349"}],"version-history":[{"count":4,"href":"https:\/\/www.elooffice.com\/blog\/wp-json\/wp\/v2\/pages\/3349\/revisions"}],"predecessor-version":[{"id":3475,"href":"https:\/\/www.elooffice.com\/blog\/wp-json\/wp\/v2\/pages\/3349\/revisions\/3475"}],"wp:attachment":[{"href":"https:\/\/www.elooffice.com\/blog\/wp-json\/wp\/v2\/media?parent=3349"}],"curies":[{"name":"wp","href":"https:\/\/api.w.org\/{rel}","templated":true}]}}